{"id":9,"date":"2023-01-18T12:42:49","date_gmt":"2023-01-18T12:42:49","guid":{"rendered":"http:\/\/byronbaronv.com\/home\/"},"modified":"2026-01-11T11:27:33","modified_gmt":"2026-01-11T11:27:33","slug":"home","status":"publish","type":"page","link":"https:\/\/byronbaronv.com\/fr\/","title":{"rendered":"Byron Baron"},"content":{"rendered":"<div class=\"wp-block-uagb-container uagb-layout-flex uagb-block-ky4yuwi2 alignfull uagb-is-root-container\"><div class=\"uagb-container-inner-blocks-wrap\">\n<div class=\"wp-block-uagb-container uagb-block-ohyovqhw\">\n<div class=\"wp-block-uagb-info-box uagb-block-kxg3tofe uagb-infobox__content-wrap  uagb-infobox-icon-above-title uagb-infobox-image-valign-top\"><div class=\"uagb-ifb-content\"><div class=\"uagb-ifb-title-wrap\"><h1 class=\"uagb-ifb-title-prefix\">Web Developer and SEO professional<\/h1><p class=\"uagb-ifb-title\">Beautiful <mark style=\"background-color:rgba(0, 0, 0, 0);color:#010101\" class=\"has-inline-color\">and <\/mark>useful<br>websites for productive people<\/p><\/div><div class=\"uagb-ifb-desc\">\n<p class=\"has-medium-font-size\" style=\"line-height:1.3\">You want to have your own website, for <strong>your business or your hobby<\/strong>.<br><strong>With full control and access to all your digital assets.<\/strong><\/p>\n<\/div><\/div><\/div>\n\n\n\n<div class=\"wp-block-uagb-buttons uagb-buttons__outer-wrap uagb-btn__default-btn uagb-btn-tablet__default-btn uagb-btn-mobile__default-btn uagb-block-6df542f8\"><div class=\"uagb-buttons__wrap uagb-buttons-layout-wrap\">\n<div class=\"wp-block-uagb-buttons-child uagb-buttons__outer-wrap uagb-block-6b28e6ba wp-block-button\"><div class=\"uagb-button__wrapper\"><a class=\"uagb-buttons-repeater wp-block-button__link\" aria-label=\"\" href=\"https:\/\/byronbaronv.com\/fr\/contact\/\" rel=\"nofollow noopener\" target=\"_blank\" role=\"button\"><div class=\"uagb-button__link\">Book YOUR FREE consultation<\/div><\/a><\/div><\/div>\n<\/div><\/div>\n<\/div>\n<\/div><\/div>\n\n\n\n<div class=\"wp-block-uagb-container uagb-block-e50f0ac7 alignfull uagb-is-root-container\"><div class=\"uagb-container-inner-blocks-wrap\">\n<div class=\"wp-block-uagb-advanced-heading uagb-block-b2460b2c\"><p class=\"uagb-heading-text\">Today you could get your personal website in less than 10 minutes, with a prompt on a specialized platform.<\/p><\/div>\n\n\n\n<div class=\"wp-block-uagb-advanced-heading uagb-block-3c071a33\"><p class=\"uagb-heading-text\">You will save time and money, and that&#8217;s good. But&#8230;<\/p><\/div>\n\n\n\n<div class=\"wp-block-uagb-advanced-heading uagb-block-d3abd2bd\"><p class=\"uagb-heading-text\">If you expect to <mark style=\"background-color:rgba(0, 0, 0, 0);color:#f24711\" class=\"has-inline-color\"><strong>make business -money- from your site<\/strong><\/mark>, then you&#8217;ll need a well-structured website. Not only from a web developer, but with the insights of an SEO professional.<\/p><\/div>\n<\/div><\/div>\n\n\n\n<div class=\"wp-block-uagb-container uagb-block-4a885f96 alignfull uagb-is-root-container\">\n<div class=\"wp-block-uagb-info-box uagb-block-bef276bd uagb-infobox__content-wrap  uagb-infobox_cta-type-all uagb-infobox-icon-below-title uagb-infobox-image-valign-top wp-block-uagb-info-box--has-margin\"><div class=\"uagb-infobox-margin-wrapper\"><a href=\"https:\/\/api.whatsapp.com\/message\/WIQGJ64PNTWSL1\" class=\"uagb-infobox-link-wrap uagb-infbox__link-to-all\" target=\"_blank\" aria-label=\"Lien vers l&#039;infobox\" rel=\"noopener noreferrer\" onclick=\"return true;\"><\/a><div class=\"uagb-ifb-content\"><div class=\"uagb-ifb-title-wrap\"><span class=\"uagb-ifb-title-prefix\">Vous voulez que les gens vous voient...<br>Mais comment vous trouvent-ils ?<\/span><\/div><div class=\"uagb-ifb-icon-wrap\"><div class=\"uagb-iconbox-icon-wrap uagb-infobox-shape-circle\"><svg xmlns=\"https:\/\/www.w3.org\/2000\/svg\" viewbox=\"0 0 448 512\"><path d=\"M380.9 97.1C339 55.1 283.2 32 223.9 32c-122.4 0-222 99.6-222 222 0 39.1 10.2 77.3 29.6 111L0 480l117.7-30.9c32.4 17.7 68.9 27 106.1 27h.1c122.3 0 224.1-99.6 224.1-222 0-59.3-25.2-115-67.1-157zm-157 341.6c-33.2 0-65.7-8.9-94-25.7l-6.7-4-69.8 18.3L72 359.2l-4.4-7c-18.5-29.4-28.2-63.3-28.2-98.2 0-101.7 82.8-184.5 184.6-184.5 49.3 0 95.6 19.2 130.4 54.1 34.8 34.9 56.2 81.2 56.1 130.5 0 101.8-84.9 184.6-186.6 184.6zm101.2-138.2c-5.5-2.8-32.8-16.2-37.9-18-5.1-1.9-8.8-2.8-12.5 2.8-3.7 5.6-14.3 18-17.6 21.8-3.2 3.7-6.5 4.2-12 1.4-32.6-16.3-54-29.1-75.5-66-5.7-9.8 5.7-9.1 16.3-30.3 1.8-3.7 .9-6.9-.5-9.7-1.4-2.8-12.5-30.1-17.1-41.2-4.5-10.8-9.1-9.3-12.5-9.5-3.2-.2-6.9-.2-10.6-.2-3.7 0-9.7 1.4-14.8 6.9-5.1 5.6-19.4 19-19.4 46.3 0 27.3 19.9 53.7 22.6 57.4 2.8 3.7 39.1 59.7 94.8 83.8 35.2 15.2 49 16.5 66.6 13.9 10.7-1.6 32.8-13.4 37.4-26.4 4.6-13 4.6-24.1 3.2-26.4-1.3-2.5-5-3.9-10.5-6.6z\"><\/path><\/svg><\/div><\/div><div class=\"uagb-ifb-button-wrapper wp-block-button\"><\/div><\/div><\/div><\/div>\n<\/div>\n\n\n\n<div class=\"wp-block-uagb-container uagb-block-ba0f02eb alignfull uagb-is-root-container\"><div class=\"uagb-container-inner-blocks-wrap\">\n<div class=\"wp-block-uagb-advanced-heading uagb-block-604730a2\"><p class=\"uagb-heading-text\">Be professional, look professional. Avoid offering your services from an Instagram or Facebook profile. Those are NOT your platforms and you don&#8217;t really own anything there. They are also very vulnerable.<\/p><\/div>\n<\/div><\/div>\n\n\n\n<div class=\"wp-block-uagb-buttons uagb-buttons__outer-wrap uagb-btn__default-btn uagb-btn-tablet__default-btn uagb-btn-mobile__default-btn uagb-block-ba10dfd5\"><div class=\"uagb-buttons__wrap uagb-buttons-layout-wrap\">\n<div class=\"wp-block-uagb-buttons-child uagb-buttons__outer-wrap uagb-block-c204db26 wp-block-button\"><div class=\"uagb-button__wrapper\"><a class=\"uagb-buttons-repeater wp-block-button__link\" aria-label=\"\" href=\"https:\/\/byronbaronv.com\/fr\/contact\/\" rel=\"nofollow noopener\" target=\"_blank\" role=\"button\"><div class=\"uagb-button__link\">Book YOUR FREE consultation<\/div><\/a><\/div><\/div>\n<\/div><\/div>\n\n\n\n<div class=\"wp-block-uagb-container uagb-block-42eb01d1 alignfull uagb-is-root-container\"><div class=\"uagb-container-inner-blocks-wrap\">\n<h2 class=\"wp-block-heading has-text-align-center\"><strong>Web Deveolper and SEO professional<\/strong><\/h2>\n\n\n\n<div class=\"wp-block-uagb-container uagb-block-50a79d58\">\n<div class=\"wp-block-uagb-container uagb-block-d9676e85\">\n<div class=\"wp-block-uagb-info-box uagb-block-6e0aa466 uagb-infobox__content-wrap  uagb-infobox-icon-above-title uagb-infobox-image-valign-top\"><div class=\"uagb-ifb-content\"><div class=\"uagb-ifb-icon-wrap\"><svg xmlns=\"https:\/\/www.w3.org\/2000\/svg\" viewbox=\"0 0 448 512\"><path d=\"M96 224C84.72 224 74.05 226.3 64 229.9V224c0-35.3 28.7-64 64-64c17.67 0 32-14.33 32-32S145.7 96 128 96C57.42 96 0 153.4 0 224v96c0 53.02 42.98 96 96 96s96-42.98 96-96S149 224 96 224zM352 224c-11.28 0-21.95 2.305-32 5.879V224c0-35.3 28.7-64 64-64c17.67 0 32-14.33 32-32s-14.33-32-32-32c-70.58 0-128 57.42-128 128v96c0 53.02 42.98 96 96 96s96-42.98 96-96S405 224 352 224z\"><\/path><\/svg><\/div><div class=\"uagb-ifb-title-wrap\"><h3 class=\"uagb-ifb-title\"><strong>Work ethic and new concepts<\/strong><\/h3><\/div><\/div><\/div>\n\n\n\n<div class=\"wp-block-uagb-testimonial uagb-slick-carousel uagb-tm__arrow-outside uagb-block-54f08cfd uagb-post__carousel_notset uagb-post__carousel_notset-tablet uagb-post__carousel_notset-mobile\"><div class=\"is-carousel uagb-tm__columns-1 uagb-tm__items\"><div class=\"uagb-testimonial__wrap  uagb-tm__imgicon-style-circle uagb-tm__image-position-bottom uagb-tm__bg-type-color\"><div class=\"uagb-tm__content\"><div class=\"uagb-tm__overlay\"><\/div><div class=\"uagb-tm__text-wrap\"><div class=\"uagb-tm__desc\">J'ai connu Byron gr\u00e2ce \u00e0 des sessions mensuelles de mastermind r\u00e9guli\u00e8res pendant plus d'un an, et j'ai \u00e9t\u00e9 continuellement impressionn\u00e9 par son \u00e9thique de travail et sa capacit\u00e9 \u00e0 apprendre rapidement de nouveaux concepts et \u00e0 les appliquer \u00e0 son entreprise.<\/div><div class=\"uagb-tm__meta-inner\"><div class=\"uagb-tm__image-content\"><div class=\"uagb-tm__image\"><img decoding=\"async\" class=\"uagb-tm-img-src\" src=\"http:\/\/byronbaronv.com\/wp-content\/uploads\/2023\/01\/ANTHONY.jpg\" alt=\"\" width=\"40\" height=\"40\" loading=\"lazy\" title=\"\"><\/div><\/div><div class=\"uagb-testimonial-details\"><span class=\"uagb-tm__author-name\"><a href=\"https:\/\/www.linkedin.com\/in\/anthonygriffin\/\" target=\"_blank\" rel=\"noreferrer noopener\">ANTHONY GRIFFIN<\/a><\/span><span class=\"uagb-tm__company\">Consultant en communication, Tokyo.<\/span><\/div><\/div><\/div><\/div><\/div><\/div><\/div>\n<\/div>\n\n\n\n<div class=\"wp-block-uagb-container uagb-block-c0ac6c73\">\n<div class=\"wp-block-uagb-info-box uagb-block-20316146 uagb-infobox__content-wrap  uagb-infobox-icon-above-title uagb-infobox-image-valign-top\"><div class=\"uagb-ifb-content\"><div class=\"uagb-ifb-icon-wrap\"><svg xmlns=\"https:\/\/www.w3.org\/2000\/svg\" viewbox=\"0 0 448 512\"><path d=\"M96 224C84.72 224 74.05 226.3 64 229.9V224c0-35.3 28.7-64 64-64c17.67 0 32-14.33 32-32S145.7 96 128 96C57.42 96 0 153.4 0 224v96c0 53.02 42.98 96 96 96s96-42.98 96-96S149 224 96 224zM352 224c-11.28 0-21.95 2.305-32 5.879V224c0-35.3 28.7-64 64-64c17.67 0 32-14.33 32-32s-14.33-32-32-32c-70.58 0-128 57.42-128 128v96c0 53.02 42.98 96 96 96s96-42.98 96-96S405 224 352 224z\"><\/path><\/svg><\/div><div class=\"uagb-ifb-title-wrap\"><h3 class=\"uagb-ifb-title\"><strong>Visualy appealing websites<\/strong><\/h3><\/div><\/div><\/div>\n\n\n\n<div class=\"wp-block-uagb-testimonial uagb-slick-carousel uagb-tm__arrow-outside uagb-block-994f69d5 uagb-post__carousel_notset uagb-post__carousel_notset-tablet uagb-post__carousel_notset-mobile\"><div class=\"is-carousel uagb-tm__columns-1 uagb-tm__items\"><div class=\"uagb-testimonial__wrap  uagb-tm__imgicon-style-circle uagb-tm__image-position-bottom uagb-tm__bg-type-none\"><div class=\"uagb-tm__content\"><div class=\"uagb-tm__overlay\"><\/div><div class=\"uagb-tm__text-wrap\"><div class=\"uagb-tm__desc\">He has a gift for creating visually appealing websites and videos that his audience loves. He&#8217;s helped open my eyes to how I can get SEO to work for my online business, and <strong>I am forever grateful for his expertise<\/strong>.<\/div><div class=\"uagb-tm__meta-inner\"><div class=\"uagb-tm__image-content\"><div class=\"uagb-tm__image\"><img decoding=\"async\" class=\"uagb-tm-img-src\" src=\"http:\/\/byronbaronv.com\/wp-content\/uploads\/2023\/01\/KASIA.jpg\" alt=\"\" width=\"40\" height=\"40\" loading=\"lazy\" title=\"\"><\/div><\/div><div class=\"uagb-testimonial-details\"><span class=\"uagb-tm__author-name\"><a href=\"https:\/\/www.linkedin.com\/in\/kasiaikigai\/\" target=\"_blank\" rel=\"noreferrer noopener\">KASIA LYNCH<\/a><\/span><span class=\"uagb-tm__company\">Conseiller en emploi JAP\/ENG, Michigan.<\/span><\/div><\/div><\/div><\/div><\/div><\/div><\/div>\n<\/div>\n<\/div>\n\n\n\n<div class=\"wp-block-uagb-advanced-heading uagb-block-63f10142\"><p class=\"uagb-heading-text\">You are not only hiring a website, you&#8217;re getting into a deeper and productive connection. Get updates, ideas, insights on communications, and sales strategies.<\/p><\/div>\n\n\n\n<div class=\"wp-block-uagb-container uagb-block-1efbf2b7\">\n<div class=\"wp-block-uagb-container uagb-block-74d0c293\">\n<div class=\"wp-block-uagb-info-box uagb-block-bf2dd1e7 uagb-infobox__content-wrap  uagb-infobox-icon-above-title uagb-infobox-image-valign-top\"><div class=\"uagb-ifb-content\"><div class=\"uagb-ifb-icon-wrap\"><svg xmlns=\"https:\/\/www.w3.org\/2000\/svg\" viewbox=\"0 0 448 512\"><path d=\"M96 224C84.72 224 74.05 226.3 64 229.9V224c0-35.3 28.7-64 64-64c17.67 0 32-14.33 32-32S145.7 96 128 96C57.42 96 0 153.4 0 224v96c0 53.02 42.98 96 96 96s96-42.98 96-96S149 224 96 224zM352 224c-11.28 0-21.95 2.305-32 5.879V224c0-35.3 28.7-64 64-64c17.67 0 32-14.33 32-32s-14.33-32-32-32c-70.58 0-128 57.42-128 128v96c0 53.02 42.98 96 96 96s96-42.98 96-96S405 224 352 224z\"><\/path><\/svg><\/div><div class=\"uagb-ifb-title-wrap\"><h3 class=\"uagb-ifb-title\"><strong>Responsible and proactive<\/strong><\/h3><\/div><\/div><\/div>\n\n\n\n<div class=\"wp-block-uagb-testimonial uagb-slick-carousel uagb-tm__arrow-outside uagb-block-a5478e0c uagb-post__carousel_notset uagb-post__carousel_notset-tablet uagb-post__carousel_notset-mobile\"><div class=\"is-carousel uagb-tm__columns-1 uagb-tm__items\"><div class=\"uagb-testimonial__wrap  uagb-tm__imgicon-style-circle uagb-tm__image-position-bottom uagb-tm__bg-type-none\"><div class=\"uagb-tm__content\"><div class=\"uagb-tm__overlay\"><\/div><div class=\"uagb-tm__text-wrap\"><div class=\"uagb-tm__desc\">Responsable et proactif. C'est un professionnel entrepreneur avec des comp\u00e9tences et des aptitudes qui font de lui un facteur cl\u00e9 dans le d\u00e9veloppement de tout projet.<\/div><div class=\"uagb-tm__meta-inner\"><div class=\"uagb-tm__image-content\"><div class=\"uagb-tm__image\"><img decoding=\"async\" class=\"uagb-tm-img-src\" src=\"http:\/\/byronbaronv.com\/wp-content\/uploads\/2023\/01\/BERNAL.jpg\" alt=\"\" width=\"40\" height=\"40\" loading=\"lazy\" title=\"\"><\/div><\/div><div class=\"uagb-testimonial-details\"><span class=\"uagb-tm__author-name\"><a href=\"https:\/\/www.linkedin.com\/in\/bernalcastellon\/\" target=\"_blank\" rel=\"noreferrer noopener\">MIGUEL BERNAL<\/a><\/span><span class=\"uagb-tm__company\">Strat\u00e8ge en communication, Panama City.<\/span><\/div><\/div><\/div><\/div><\/div><\/div><\/div>\n<\/div>\n\n\n\n<div class=\"wp-block-uagb-container uagb-block-d7b18784\">\n<div class=\"wp-block-uagb-info-box uagb-block-8041284f uagb-infobox__content-wrap  uagb-infobox-icon-above-title uagb-infobox-image-valign-top\"><div class=\"uagb-ifb-content\"><div class=\"uagb-ifb-icon-wrap\"><svg xmlns=\"https:\/\/www.w3.org\/2000\/svg\" viewbox=\"0 0 448 512\"><path d=\"M96 224C84.72 224 74.05 226.3 64 229.9V224c0-35.3 28.7-64 64-64c17.67 0 32-14.33 32-32S145.7 96 128 96C57.42 96 0 153.4 0 224v96c0 53.02 42.98 96 96 96s96-42.98 96-96S149 224 96 224zM352 224c-11.28 0-21.95 2.305-32 5.879V224c0-35.3 28.7-64 64-64c17.67 0 32-14.33 32-32s-14.33-32-32-32c-70.58 0-128 57.42-128 128v96c0 53.02 42.98 96 96 96s96-42.98 96-96S405 224 352 224z\"><\/path><\/svg><\/div><div class=\"uagb-ifb-title-wrap\"><h3 class=\"uagb-ifb-title\"><strong>Strategic thinking, agile actions.<\/strong><\/h3><\/div><\/div><\/div>\n\n\n\n<div class=\"wp-block-uagb-testimonial uagb-slick-carousel uagb-tm__arrow-outside uagb-block-44832edf uagb-post__carousel_notset uagb-post__carousel_notset-tablet uagb-post__carousel_notset-mobile\"><div class=\"is-carousel uagb-tm__columns-1 uagb-tm__items\"><div class=\"uagb-testimonial__wrap  uagb-tm__imgicon-style-circle uagb-tm__image-position-bottom uagb-tm__bg-type-none\"><div class=\"uagb-tm__content\"><div class=\"uagb-tm__overlay\"><\/div><div class=\"uagb-tm__text-wrap\"><div class=\"uagb-tm__desc\">Travailler avec Byron est toujours une exp\u00e9rience enrichissante. Son \u00e9thique de travail est irr\u00e9prochable et il combine une r\u00e9flexion strat\u00e9gique approfondie avec des actions pratiques et agiles. Byron apporte ses connaissances avec l\u00e9g\u00e8ret\u00e9 et sens de l'humour dans chaque interaction.<\/div><div class=\"uagb-tm__meta-inner\"><div class=\"uagb-tm__image-content\"><div class=\"uagb-tm__image\"><img decoding=\"async\" class=\"uagb-tm-img-src\" src=\"http:\/\/byronbaronv.com\/wp-content\/uploads\/2023\/01\/MIHAJLO.jpg\" alt=\"\" width=\"40\" height=\"40\" loading=\"lazy\" title=\"\"><\/div><\/div><div class=\"uagb-testimonial-details\"><span class=\"uagb-tm__author-name\"><a href=\"https:\/\/www.linkedin.com\/in\/mihajloelakovic\/\" target=\"_blank\" rel=\"noreferrer noopener\">MIHAJLO ELAKOVIC<\/a><\/span><span class=\"uagb-tm__company\">Tuteur, Universit\u00e9 Monash, Melbourne.<\/span><\/div><\/div><\/div><\/div><\/div><\/div><\/div>\n<\/div>\n<\/div>\n<\/div><\/div>","protected":false},"excerpt":{"rendered":"<p>Today you could get your personal website in less than 10 minutes, with a prompt on a specialized platform. You will save time and money, and that&#8217;s good. But&#8230; If you expect to make business -money- from your site, then you&#8217;ll need a well-structured website. Not only from a web developer, but with the insights [&hellip;]<\/p>","protected":false},"author":1,"featured_media":5086,"parent":0,"menu_order":0,"comment_status":"closed","ping_status":"closed","template":"","meta":{"_uag_custom_page_level_css":"","site-sidebar-layout":"no-sidebar","site-content-layout":"plain-container","ast-site-content-layout":"normal-width-container","site-content-style":"unboxed","site-sidebar-style":"unboxed","ast-global-header-display":"","ast-banner-title-visibility":"","ast-main-header-display":"","ast-hfb-above-header-display":"","ast-hfb-below-header-display":"","ast-hfb-mobile-header-display":"","site-post-title":"disabled","ast-breadcrumbs-content":"","ast-featured-img":"disabled","footer-sml-layout":"","ast-disable-related-posts":"","theme-transparent-header-meta":"enabled","adv-header-id-meta":"","stick-header-meta":"","header-above-stick-meta":"","header-main-stick-meta":"","header-below-stick-meta":"","astra-migrate-meta-layouts":"set","ast-page-background-enabled":"default","ast-page-background-meta":{"desktop":{"background-color":"","background-image":"","background-repeat":"repeat","background-position":"center center","background-size":"auto","background-attachment":"scroll","background-type":"","background-media":"","overlay-type":"","overlay-color":"","overlay-opacity":"","overlay-gradient":""},"tablet":{"background-color":"","background-image":"","background-repeat":"repeat","background-position":"center center","background-size":"auto","background-attachment":"scroll","background-type":"","background-media":"","overlay-type":"","overlay-color":"","overlay-opacity":"","overlay-gradient":""},"mobile":{"background-color":"","background-image":"","background-repeat":"repeat","background-position":"center center","background-size":"auto","background-attachment":"scroll","background-type":"","background-media":"","overlay-type":"","overlay-color":"","overlay-opacity":"","overlay-gradient":""}},"ast-content-background-meta":{"desktop":{"background-color":"var(--ast-global-color-5)","background-image":"","background-repeat":"repeat","background-position":"center center","background-size":"auto","background-attachment":"scroll","background-type":"","background-media":"","overlay-type":"","overlay-color":"","overlay-opacity":"","overlay-gradient":""},"tablet":{"background-color":"var(--ast-global-color-5)","background-image":"","background-repeat":"repeat","background-position":"center center","background-size":"auto","background-attachment":"scroll","background-type":"","background-media":"","overlay-type":"","overlay-color":"","overlay-opacity":"","overlay-gradient":""},"mobile":{"background-color":"var(--ast-global-color-5)","background-image":"","background-repeat":"repeat","background-position":"center center","background-size":"auto","background-attachment":"scroll","background-type":"","background-media":"","overlay-type":"","overlay-color":"","overlay-opacity":"","overlay-gradient":""}},"footnotes":""},"class_list":["post-9","page","type-page","status-publish","has-post-thumbnail","hentry"],"uagb_featured_image_src":{"full":["https:\/\/byronbaronv.com\/wp-content\/uploads\/2025\/12\/Westmount-map-1.png",1200,675,false],"thumbnail":["https:\/\/byronbaronv.com\/wp-content\/uploads\/2025\/12\/Westmount-map-1-150x150.png",150,150,true],"medium":["https:\/\/byronbaronv.com\/wp-content\/uploads\/2025\/12\/Westmount-map-1-300x169.png",300,169,true],"medium_large":["https:\/\/byronbaronv.com\/wp-content\/uploads\/2025\/12\/Westmount-map-1-768x432.png",768,432,true],"large":["https:\/\/byronbaronv.com\/wp-content\/uploads\/2025\/12\/Westmount-map-1-1024x576.png",1024,576,true],"1536x1536":["https:\/\/byronbaronv.com\/wp-content\/uploads\/2025\/12\/Westmount-map-1.png",1200,675,false],"2048x2048":["https:\/\/byronbaronv.com\/wp-content\/uploads\/2025\/12\/Westmount-map-1.png",1200,675,false],"trp-custom-language-flag":["https:\/\/byronbaronv.com\/wp-content\/uploads\/2025\/12\/Westmount-map-1-18x10.png",18,10,true]},"uagb_author_info":{"display_name":"Byron Bar\u00f3n V.","author_link":"https:\/\/byronbaronv.com\/fr\/author\/admin\/"},"uagb_comment_info":0,"uagb_excerpt":"Today you could get your personal website in less than 10 minutes, with a prompt on a specialized platform. You will save time and money, and that&#8217;s good. But&#8230; If you expect to make business -money- from your site, then you&#8217;ll need a well-structured website. Not only from a web developer, but with the insights&hellip;","_links":{"self":[{"href":"https:\/\/byronbaronv.com\/fr\/wp-json\/wp\/v2\/pages\/9","targetHints":{"allow":["GET"]}}],"collection":[{"href":"https:\/\/byronbaronv.com\/fr\/wp-json\/wp\/v2\/pages"}],"about":[{"href":"https:\/\/byronbaronv.com\/fr\/wp-json\/wp\/v2\/types\/page"}],"author":[{"embeddable":true,"href":"https:\/\/byronbaronv.com\/fr\/wp-json\/wp\/v2\/users\/1"}],"replies":[{"embeddable":true,"href":"https:\/\/byronbaronv.com\/fr\/wp-json\/wp\/v2\/comments?post=9"}],"version-history":[{"count":244,"href":"https:\/\/byronbaronv.com\/fr\/wp-json\/wp\/v2\/pages\/9\/revisions"}],"predecessor-version":[{"id":5178,"href":"https:\/\/byronbaronv.com\/fr\/wp-json\/wp\/v2\/pages\/9\/revisions\/5178"}],"wp:featuredmedia":[{"embeddable":true,"href":"https:\/\/byronbaronv.com\/fr\/wp-json\/wp\/v2\/media\/5086"}],"wp:attachment":[{"href":"https:\/\/byronbaronv.com\/fr\/wp-json\/wp\/v2\/media?parent=9"}],"curies":[{"name":"wp","href":"https:\/\/api.w.org\/{rel}","templated":true}]}}