{"id":17,"date":"2021-06-18T12:44:28","date_gmt":"2021-06-18T12:44:28","guid":{"rendered":"http:\/\/byronbaronv.com\/contact\/"},"modified":"2025-12-27T05:06:29","modified_gmt":"2025-12-27T05:06:29","slug":"contact","status":"publish","type":"page","link":"https:\/\/byronbaronv.com\/fr\/contact\/","title":{"rendered":"Contact"},"content":{"rendered":"<div class=\"wp-block-uagb-container uagb-block-36bca708 alignfull uagb-is-root-container\"><div class=\"uagb-container-inner-blocks-wrap\">\n<div class=\"wp-block-uagb-info-box uagb-block-bfd538c5 uagb-infobox__content-wrap  uagb-infobox-icon-above-title uagb-infobox-image-valign-top\"><div class=\"uagb-ifb-content\"><div class=\"uagb-ifb-title-wrap\"><h2 class=\"uagb-ifb-title\">Nothing like direct interactions, let&#8217;s talk!<\/h2><\/div><\/div><\/div>\n<\/div><\/div>\n\n\n\n<div style=\"height:40px\" aria-hidden=\"true\" class=\"wp-block-spacer\"><\/div>\n\n\n\n<p class=\"has-text-align-center\" style=\"font-size:24px;line-height:1.1\">Get YOUR <strong>FREE <\/strong>consultation to <strong>optimize <\/strong>your digital presence.<\/p>\n\n\n<div class=\"wpforms-container wpforms-container-full wpforms-block wpforms-block-427a7619-7d2b-4923-bf4d-c0a790844ca9\" id=\"wpforms-1664\"><form id=\"wpforms-form-1664\" class=\"wpforms-validate wpforms-form wpforms-ajax-form\" data-formid=\"1664\" method=\"post\" enctype=\"multipart\/form-data\" action=\"\/fr\/wp-json\/wp\/v2\/pages\/17\" data-token=\"b5cad9c56e8fcb32aa703772df2e313f\" data-token-time=\"1776911083\" data-trp-original-action=\"\/fr\/wp-json\/wp\/v2\/pages\/17\"><noscript class=\"wpforms-error-noscript\">Please enable JavaScript in your browser to complete this form.<\/noscript><div class=\"wpforms-field-container\"><div id=\"wpforms-1664-field_0-container\" class=\"wpforms-field wpforms-field-name\" data-field-id=\"0\"><label class=\"wpforms-field-label\" for=\"wpforms-1664-field_0\">Your name: <span class=\"wpforms-required-label\">*<\/span><\/label><input type=\"text\" id=\"wpforms-1664-field_0\" class=\"wpforms-field-medium wpforms-field-required\" name=\"wpforms[fields][0]\" required><\/div><div id=\"wpforms-1664-field_1-container\" class=\"wpforms-field wpforms-field-email\" data-field-id=\"1\"><label class=\"wpforms-field-label\" for=\"wpforms-1664-field_1\">Your email: <span class=\"wpforms-required-label\">*<\/span><\/label><input type=\"email\" id=\"wpforms-1664-field_1\" class=\"wpforms-field-medium wpforms-field-required\" name=\"wpforms[fields][1]\" spellcheck=\"false\" required><\/div><div id=\"wpforms-1664-field_2-container\" class=\"wpforms-field wpforms-field-textarea\" data-field-id=\"2\"><label class=\"wpforms-field-label\" for=\"wpforms-1664-field_2\">Your message: <span class=\"wpforms-required-label\">*<\/span><\/label><textarea id=\"wpforms-1664-field_2\" class=\"wpforms-field-small wpforms-field-required\" name=\"wpforms[fields][2]\" required><\/textarea><\/div><\/div><!-- .wpforms-field-container --><div class=\"wpforms-recaptcha-container wpforms-is-recaptcha wpforms-is-recaptcha-type-v2\" ><div class=\"g-recaptcha\" data-sitekey=\"6Lc5SMgpAAAAAOTX_WWcettckBfa56NIaCcKBLWf\"><\/div><input type=\"text\" name=\"g-recaptcha-hidden\" class=\"wpforms-recaptcha-hidden\" style=\"position:absolute!important;clip:rect(0,0,0,0)!important;height:1px!important;width:1px!important;border:0!important;overflow:hidden!important;padding:0!important;margin:0!important;\" data-rule-recaptcha=\"1\"><\/div><div class=\"wpforms-submit-container\" ><input type=\"hidden\" name=\"wpforms[id]\" value=\"1664\"><input type=\"hidden\" name=\"page_title\" value=\"\"><input type=\"hidden\" name=\"page_url\" value=\"https:\/\/byronbaronv.com\/fr\/wp-json\/wp\/v2\/pages\/17\"><input type=\"hidden\" name=\"url_referer\" value=\"\"><button type=\"submit\" name=\"wpforms[submit]\" id=\"wpforms-submit-1664\" class=\"wpforms-submit\" data-alt-text=\"Sending...\" data-submit-text=\"Send\" aria-live=\"assertive\" value=\"wpforms-submit\">Send<\/button><img loading=\"lazy\" decoding=\"async\" src=\"https:\/\/byronbaronv.com\/wp-content\/plugins\/wpforms-lite\/assets\/images\/submit-spin.svg\" class=\"wpforms-submit-spinner\" style=\"display: none;\" width=\"26\" height=\"26\" alt=\"Loading\" title=\"\"><\/div><input type=\"hidden\" name=\"trp-form-language\" value=\"fr\"\/><\/form><\/div>  <!-- .wpforms-container -->\n\n\n<div class=\"wp-block-uagb-container uagb-block-a10748f5 alignfull uagb-is-root-container\"><div class=\"uagb-container-inner-blocks-wrap\">\n<div class=\"wp-block-uagb-container uagb-block-d58543af alignfull uagb-is-root-container\"><div class=\"uagb-container-inner-blocks-wrap\">\n<div class=\"wp-block-uagb-info-box uagb-block-f28f11cf uagb-infobox__content-wrap  uagb-infobox-icon-above-title uagb-infobox-image-valign-top\"><div class=\"uagb-ifb-content\"><div class=\"uagb-ifb-icon-wrap\"><svg xmlns=\"https:\/\/www.w3.org\/2000\/svg\" viewbox=\"0 0 448 512\"><path d=\"M96 224C84.72 224 74.05 226.3 64 229.9V224c0-35.3 28.7-64 64-64c17.67 0 32-14.33 32-32S145.7 96 128 96C57.42 96 0 153.4 0 224v96c0 53.02 42.98 96 96 96s96-42.98 96-96S149 224 96 224zM352 224c-11.28 0-21.95 2.305-32 5.879V224c0-35.3 28.7-64 64-64c17.67 0 32-14.33 32-32s-14.33-32-32-32c-70.58 0-128 57.42-128 128v96c0 53.02 42.98 96 96 96s96-42.98 96-96S405 224 352 224z\"><\/path><\/svg><\/div><div class=\"uagb-ifb-title-wrap\"><\/div><\/div><\/div>\n\n\n\n<div class=\"wp-block-uagb-testimonial uagb-slick-carousel uagb-tm__arrow-outside uagb-block-9e4b120f uagb-post__carousel_notset uagb-post__carousel_notset-tablet uagb-post__carousel_notset-mobile\"><div class=\"is-carousel uagb-tm__columns-1 uagb-tm__items\"><div class=\"uagb-testimonial__wrap  uagb-tm__imgicon-style-circle uagb-tm__image-position-bottom uagb-tm__bg-type-none\"><div class=\"uagb-tm__content\"><div class=\"uagb-tm__overlay\"><\/div><div class=\"uagb-tm__text-wrap\"><div class=\"uagb-tm__desc\">Travailler avec Byron est toujours une exp\u00e9rience enrichissante. Son \u00e9thique de travail est irr\u00e9prochable et il combine une r\u00e9flexion strat\u00e9gique approfondie avec des actions pratiques et agiles. Byron apporte ses connaissances avec l\u00e9g\u00e8ret\u00e9 et sens de l'humour dans chaque interaction.<\/div><div class=\"uagb-tm__meta-inner\"><div class=\"uagb-tm__image-content\"><div class=\"uagb-tm__image\"><img decoding=\"async\" class=\"uagb-tm-img-src\" src=\"http:\/\/byronbaronv.com\/wp-content\/uploads\/2023\/01\/MIHAJLO.jpg\" alt=\"\" width=\"40\" height=\"40\" loading=\"lazy\" title=\"\"><\/div><\/div><div class=\"uagb-testimonial-details\"><span class=\"uagb-tm__author-name\">MIHAJLO ELAKOVIC<\/span><span class=\"uagb-tm__company\">Tuteur, Universit\u00e9 Monash, Melbourne.<\/span><\/div><\/div><\/div><\/div><\/div><\/div><\/div>\n<\/div><\/div>\n\n\n\n<div class=\"wp-block-uagb-container uagb-block-3d9b445e alignfull uagb-is-root-container\"><div class=\"uagb-container-inner-blocks-wrap\">\n<div class=\"wp-block-uagb-info-box uagb-block-e42a9c7d uagb-infobox__content-wrap  uagb-infobox-icon-above-title uagb-infobox-image-valign-top\"><div class=\"uagb-ifb-content\"><div class=\"uagb-ifb-icon-wrap\"><svg xmlns=\"https:\/\/www.w3.org\/2000\/svg\" viewbox=\"0 0 448 512\"><path d=\"M96 224C84.72 224 74.05 226.3 64 229.9V224c0-35.3 28.7-64 64-64c17.67 0 32-14.33 32-32S145.7 96 128 96C57.42 96 0 153.4 0 224v96c0 53.02 42.98 96 96 96s96-42.98 96-96S149 224 96 224zM352 224c-11.28 0-21.95 2.305-32 5.879V224c0-35.3 28.7-64 64-64c17.67 0 32-14.33 32-32s-14.33-32-32-32c-70.58 0-128 57.42-128 128v96c0 53.02 42.98 96 96 96s96-42.98 96-96S405 224 352 224z\"><\/path><\/svg><\/div><div class=\"uagb-ifb-title-wrap\"><\/div><\/div><\/div>\n\n\n\n<div class=\"wp-block-uagb-testimonial uagb-slick-carousel uagb-tm__arrow-outside uagb-block-1fb067f0 uagb-post__carousel_notset uagb-post__carousel_notset-tablet uagb-post__carousel_notset-mobile\"><div class=\"is-carousel uagb-tm__columns-1 uagb-tm__items\"><div class=\"uagb-testimonial__wrap  uagb-tm__imgicon-style-circle uagb-tm__image-position-bottom uagb-tm__bg-type-none\"><div class=\"uagb-tm__content\"><div class=\"uagb-tm__overlay\"><\/div><div class=\"uagb-tm__text-wrap\"><div class=\"uagb-tm__desc\">Il a le don de cr\u00e9er des sites Web et des vid\u00e9os visuellement attrayants que son public adore. Il m'a aid\u00e9 \u00e0 ouvrir les yeux sur la fa\u00e7on dont je peux utiliser le r\u00e9f\u00e9rencement pour mon entreprise en ligne, et je lui serai \u00e9ternellement reconnaissant pour son expertise.<\/div><div class=\"uagb-tm__meta-inner\"><div class=\"uagb-tm__image-content\"><div class=\"uagb-tm__image\"><img decoding=\"async\" class=\"uagb-tm-img-src\" src=\"http:\/\/byronbaronv.com\/wp-content\/uploads\/2023\/01\/KASIA.jpg\" alt=\"\" width=\"40\" height=\"40\" loading=\"lazy\" title=\"\"><\/div><\/div><div class=\"uagb-testimonial-details\"><span class=\"uagb-tm__author-name\">KASIA LYNCH<\/span><span class=\"uagb-tm__company\">Conseiller en emploi JAP\/ENG, Michigan.<\/span><\/div><\/div><\/div><\/div><\/div><\/div><\/div>\n<\/div><\/div>\n<\/div><\/div>\n\n\n\n<link href=\"https:\/\/assets.calendly.com\/assets\/external\/widget.css\" rel=\"stylesheet\">\n<script src=\"https:\/\/assets.calendly.com\/assets\/external\/widget.js\" type=\"text\/javascript\" async><\/script>\n<script type=\"text\/javascript\">window.onload = function() { Calendly.initBadgeWidget({ url: 'https:\/\/calendly.com\/byron-baron-v', text: 'Schedule time with me', color: '#F24711', textColor: '#ffffff', branding: true }); }<\/script>","protected":false},"excerpt":{"rendered":"<p>Get YOUR FREE consultation to optimize your digital presence.<\/p>","protected":false},"author":1,"featured_media":5086,"parent":0,"menu_order":0,"comment_status":"closed","ping_status":"closed","template":"","meta":{"_uag_custom_page_level_css":"","site-sidebar-layout":"no-sidebar","site-content-layout":"plain-container","ast-site-content-layout":"full-width-container","site-content-style":"unboxed","site-sidebar-style":"unboxed","ast-global-header-display":"","ast-banner-title-visibility":"","ast-main-header-display":"","ast-hfb-above-header-display":"","ast-hfb-below-header-display":"","ast-hfb-mobile-header-display":"","site-post-title":"disabled","ast-breadcrumbs-content":"","ast-featured-img":"disabled","footer-sml-layout":"","ast-disable-related-posts":"","theme-transparent-header-meta":"enabled","adv-header-id-meta":"","stick-header-meta":"","header-above-stick-meta":"","header-main-stick-meta":"","header-below-stick-meta":"","astra-migrate-meta-layouts":"set","ast-page-background-enabled":"default","ast-page-background-meta":{"desktop":{"background-color":"","background-image":"","background-repeat":"repeat","background-position":"center center","background-size":"auto","background-attachment":"scroll","background-type":"","background-media":"","overlay-type":"","overlay-color":"","overlay-opacity":"","overlay-gradient":""},"tablet":{"background-color":"","background-image":"","background-repeat":"repeat","background-position":"center center","background-size":"auto","background-attachment":"scroll","background-type":"","background-media":"","overlay-type":"","overlay-color":"","overlay-opacity":"","overlay-gradient":""},"mobile":{"background-color":"","background-image":"","background-repeat":"repeat","background-position":"center center","background-size":"auto","background-attachment":"scroll","background-type":"","background-media":"","overlay-type":"","overlay-color":"","overlay-opacity":"","overlay-gradient":""}},"ast-content-background-meta":{"desktop":{"background-color":"var(--ast-global-color-5)","background-image":"","background-repeat":"repeat","background-position":"center center","background-size":"auto","background-attachment":"scroll","background-type":"","background-media":"","overlay-type":"","overlay-color":"","overlay-opacity":"","overlay-gradient":""},"tablet":{"background-color":"var(--ast-global-color-5)","background-image":"","background-repeat":"repeat","background-position":"center center","background-size":"auto","background-attachment":"scroll","background-type":"","background-media":"","overlay-type":"","overlay-color":"","overlay-opacity":"","overlay-gradient":""},"mobile":{"background-color":"var(--ast-global-color-5)","background-image":"","background-repeat":"repeat","background-position":"center center","background-size":"auto","background-attachment":"scroll","background-type":"","background-media":"","overlay-type":"","overlay-color":"","overlay-opacity":"","overlay-gradient":""}},"footnotes":""},"class_list":["post-17","page","type-page","status-publish","has-post-thumbnail","hentry"],"uagb_featured_image_src":{"full":["https:\/\/byronbaronv.com\/wp-content\/uploads\/2025\/12\/Westmount-map-1.png",1200,675,false],"thumbnail":["https:\/\/byronbaronv.com\/wp-content\/uploads\/2025\/12\/Westmount-map-1-150x150.png",150,150,true],"medium":["https:\/\/byronbaronv.com\/wp-content\/uploads\/2025\/12\/Westmount-map-1-300x169.png",300,169,true],"medium_large":["https:\/\/byronbaronv.com\/wp-content\/uploads\/2025\/12\/Westmount-map-1-768x432.png",768,432,true],"large":["https:\/\/byronbaronv.com\/wp-content\/uploads\/2025\/12\/Westmount-map-1-1024x576.png",1024,576,true],"1536x1536":["https:\/\/byronbaronv.com\/wp-content\/uploads\/2025\/12\/Westmount-map-1.png",1200,675,false],"2048x2048":["https:\/\/byronbaronv.com\/wp-content\/uploads\/2025\/12\/Westmount-map-1.png",1200,675,false],"trp-custom-language-flag":["https:\/\/byronbaronv.com\/wp-content\/uploads\/2025\/12\/Westmount-map-1-18x10.png",18,10,true]},"uagb_author_info":{"display_name":"Byron Bar\u00f3n V.","author_link":"https:\/\/byronbaronv.com\/fr\/author\/admin\/"},"uagb_comment_info":0,"uagb_excerpt":"Get YOUR FREE consultation to optimize your digital presence.","_links":{"self":[{"href":"https:\/\/byronbaronv.com\/fr\/wp-json\/wp\/v2\/pages\/17","targetHints":{"allow":["GET"]}}],"collection":[{"href":"https:\/\/byronbaronv.com\/fr\/wp-json\/wp\/v2\/pages"}],"about":[{"href":"https:\/\/byronbaronv.com\/fr\/wp-json\/wp\/v2\/types\/page"}],"author":[{"embeddable":true,"href":"https:\/\/byronbaronv.com\/fr\/wp-json\/wp\/v2\/users\/1"}],"replies":[{"embeddable":true,"href":"https:\/\/byronbaronv.com\/fr\/wp-json\/wp\/v2\/comments?post=17"}],"version-history":[{"count":85,"href":"https:\/\/byronbaronv.com\/fr\/wp-json\/wp\/v2\/pages\/17\/revisions"}],"predecessor-version":[{"id":5144,"href":"https:\/\/byronbaronv.com\/fr\/wp-json\/wp\/v2\/pages\/17\/revisions\/5144"}],"wp:featuredmedia":[{"embeddable":true,"href":"https:\/\/byronbaronv.com\/fr\/wp-json\/wp\/v2\/media\/5086"}],"wp:attachment":[{"href":"https:\/\/byronbaronv.com\/fr\/wp-json\/wp\/v2\/media?parent=17"}],"curies":[{"name":"wp","href":"https:\/\/api.w.org\/{rel}","templated":true}]}}