{"id":1420,"date":"2022-04-19T18:08:29","date_gmt":"2022-04-19T18:08:29","guid":{"rendered":"http:\/\/byronbaronv.com\/?page_id=1420"},"modified":"2025-02-02T22:07:07","modified_gmt":"2025-02-02T22:07:07","slug":"aviso-legal","status":"publish","type":"page","link":"https:\/\/byronbaronv.com\/fr\/aviso-legal\/","title":{"rendered":"Mentions l\u00e9gales"},"content":{"rendered":"<p class=\"has-vivid-red-color has-text-color has-link-color wp-elements-238a5803690d6e727471edccf05c54a2\"><strong><a href=\"https:\/\/byronbaronv-com.translate.goog\/aviso-legal\/?_x_tr_sl=es&amp;_x_tr_tl=en&amp;_x_tr_hl=en-US&amp;_x_tr_pto=wapp\" target=\"_blank\" rel=\"noopener\">Legal Notice (EN)<\/a><\/strong><\/p>\n\n\n\n<p class=\"has-vivid-cyan-blue-color has-text-color has-link-color wp-elements-15c57f0db1d34dfd91eb4d6780a37a8e\"><strong><a href=\"https:\/\/byronbaronv-com.translate.goog\/aviso-legal\/?_x_tr_sl=es&amp;_x_tr_tl=fr&amp;_x_tr_hl=en-US&amp;_x_tr_pto=wapp\" target=\"_blank\" rel=\"noopener\">Mentions l\u00e9gales<\/a> (FR)<\/strong><\/p>\n\n\n\n<p><strong>DATOS IDENTIFICATIVOS<\/strong><strong>&nbsp;<\/strong><\/p>\n\n\n\n<p>De acuerdo con la exigencia legal establecida, se cumple con la obligaci\u00f3n de\u00a0 informar a todos los usuarios e interesados que la responsabilidad y titularidad\u00a0 del dominio web tudominio.com, as\u00ed como las redes sociales y el sitio web\u00a0 asociadas, en lo adelante el \u201csitio web\u201d le pertenecen a BYRON BAR\u00d3N V, \u00a0domicilio en 250 Kensington Avenue, Westmount. H3Z 2G8. Qu\u00e9bec, CANAD\u00c1, en lo adelante\u00a0 EL GESTOR DEL SITIO WEB, y cuyo correo electr\u00f3nico de contacto es hola@byronbaronv.com.\u00a0<\/p>\n\n\n\n<p><strong>T\u00c9RMINOS Y CONDICIONES<\/strong><strong>&nbsp;<\/strong><\/p>\n\n\n\n<p><strong>USO Y APLICACI\u00d3N<\/strong><strong>&nbsp;<\/strong><\/p>\n\n\n\n<p>Los presentes t\u00e9rminos y condiciones aplican tanto para la p\u00e1gina principal de &nbsp;tudominio.com como para aquellas otras que hayan sido creadas por <strong>EL<\/strong><strong> <\/strong><strong>GESTOR DEL SITIO WEB<\/strong><strong> <\/strong>e indiquen de manera expresa e inequ\u00edvoca que &nbsp;forman parte integrante de este sitio web.&nbsp;<\/p>\n\n\n\n<p><strong>USUARIOS<\/strong><strong>&nbsp;<\/strong><\/p>\n\n\n\n<p>Se entender\u00e1 por usuario a toda aquella persona que navegue por el sitio web, &nbsp;accediendo a cualquiera de sus p\u00e1ginas o secciones, bastando con el simple &nbsp;acceso y\/o uso de este sitio web, aceptando desde dicho acceso y\/o uso, los &nbsp;t\u00e9rminos y condiciones aqu\u00ed reflejados. &nbsp;<\/p>\n\n\n\n<p>En caso de que el usuario desee contratar alguno de los servicios ofrecidos en &nbsp;el sitio web, se aplicar\u00e1n tambi\u00e9n las pol\u00edticas de contrataci\u00f3n, las cuales ser\u00e1n &nbsp;de obligatorio cumplimiento.&nbsp;<\/p>\n\n\n\n<p><strong>FORMAS DE CONTACTO<\/strong><strong>&nbsp;<\/strong><\/p>\n\n\n\n<p>Si un usuario deseara contactar al GESTOR DEL SITIO WEB podr\u00e1 enviar un &nbsp;correo electr\u00f3nico a la direcci\u00f3n correo electr\u00f3nico.<\/p>\n\n\n\n<p><strong>USO DEL SITIO WEB<\/strong><strong>&nbsp;<\/strong><\/p>\n\n\n\n<p>Toda la informaci\u00f3n gr\u00e1fica, textual, de multimedia, fotograf\u00edas, im\u00e1genes, &nbsp;videos, o cualquier otro formato de archivo digital que se encuentran en el sitio &nbsp;web, entendidos de aqu\u00ed en adelante como \u201clos contenidos\u201d, le pertenecen al EL &nbsp;GESTOR DEL SITIO WEB y est\u00e1 protegido por las leyes de derecho de autor a &nbsp;nivel nacional e internacional.&nbsp;<\/p>\n\n\n\n<p>El usuario asume la responsabilidad del uso del sitio web, no pudiendo &nbsp;emplearlos para:&nbsp;<\/p>\n\n\n\n<p>1. Realizar actividades il\u00edcitas, ilegales o contrarias a la moral, buenas &nbsp;costumbres, buena fe y al orden p\u00fablico;&nbsp;<\/p>\n\n\n\n<p>2. Realizar comentarios o difundir contenidos o propaganda de car\u00e1cter &nbsp;racista, xen\u00f3fobo, pornogr\u00e1fico, de apolog\u00eda del terrorismo, que atente &nbsp;contra los derechos humanos o civiles en general; &nbsp;<\/p>\n\n\n\n<p>3. Provocar da\u00f1os en la persona f\u00edsica, intelectual o moral del GESTOR &nbsp;DEL SITIO WEB, de sus proveedores o de terceras personas; &nbsp;4. Introducir o difundir en la red virus inform\u00e1ticos o cualesquiera otros &nbsp;sistemas f\u00edsicos o l\u00f3gicos que sean susceptibles de provocar los da\u00f1os &nbsp;anteriormente mencionados; &nbsp;<\/p>\n\n\n\n<p>5. Intentar acceder y\/o utilizar las cuentas de correo electr\u00f3nico de otros &nbsp;usuarios y modificarlos o manipular sus mensajes.&nbsp;<\/p>\n\n\n\n<p>EL GESTOR DEL SITIO WEB se reserva el derecho de retirar todos aquellos &nbsp;comentarios que vulneren el respeto a la dignidad de la persona, que sean &nbsp;discriminatorios, xen\u00f3fobos, racistas, pornogr\u00e1ficos, que atenten contra la &nbsp;juventud o la infancia, el orden o la seguridad p\u00fablica o que, a su juicio, no &nbsp;resultaran adecuados para su publicaci\u00f3n. En cualquier caso, EL GESTOR DEL &nbsp;SITIO WEB no ser\u00e1 responsable de las opiniones dadas por los usuarios en &nbsp;cualquier herramienta de opini\u00f3n que contenga el sitio web.&nbsp;<\/p>\n\n\n\n<p><strong>PROPIEDAD INTELECTUAL<\/strong><strong>&nbsp;<\/strong><\/p>\n\n\n\n<p>EL GESTOR DEL SITIO WEB es el titular de todos los derechos de propiedad &nbsp;intelectual e industrial del sitio web, as\u00ed como de los elementos contenidos en la &nbsp;misma, los cuales, a t\u00edtulo enunciativo, pero no limitativo, son: im\u00e1genes, sonido, &nbsp;fotograf\u00edas, audio, v\u00eddeo, software, textos, marcas, logotipos, combinaciones de &nbsp;colores, estructura, dise\u00f1o, selecci\u00f3n de materiales usados, programas &nbsp;necesarios para su funcionamiento, acceso y uso, quedando expresamente &nbsp;prohibida la reproducci\u00f3n, distribuci\u00f3n y comunicaci\u00f3n p\u00fablica, incluida su &nbsp;modalidad de puesta a disposici\u00f3n, de la totalidad o parte de los contenidos del &nbsp;sitio web, en cualquier soporte y por cualquier medio t\u00e9cnico, con o sin fines &nbsp;comerciales sin la autorizaci\u00f3n del GESTOR DEL SITIO WEB.&nbsp;<\/p>\n\n\n\n<p>El usuario se compromete a respetar los derechos de autor titularidad del &nbsp;GESTOR DEL SITIO WEB, podr\u00e1 en consecuencia visualizar, imprimir, &nbsp;almacenar en un dispositivo electr\u00f3nico o virtual, pero \u00fanica y exclusivamente&nbsp;<\/p>\n\n\n\n<p>para su uso personal y privado, no pudiendo en ning\u00fan momento distribuirlos, &nbsp;reproducirlos, onerosa o gratuitamente, a terceros ni realizar transformaci\u00f3n &nbsp;alguna de los mismos. En todo caso, deber\u00e1 siempre hacer menci\u00f3n a la autor\u00eda &nbsp;del GESTOR DEL SITIO WEB y al sitio web cuando decida compartir en &nbsp;cualquier red social alguno de los contenidos, no pudiendo en ning\u00fan momento &nbsp;modificar, total o parcialmente, cualquiera de los contenidos.&nbsp;<\/p>\n\n\n\n<p>No se podr\u00e1 compartir ning\u00fan extracto de un curso, libro, entrada del blog o de&nbsp; cualquier parte del sitio web, ya sea incluso una menci\u00f3n a terceros.&nbsp;<\/p>\n\n\n\n<p><strong>EXCLUSI\u00d3N DE GARANT\u00cdAS Y RESPONSABILIDAD<\/strong><strong>&nbsp;<\/strong><\/p>\n\n\n\n<p>EL GESTOR DEL SITIO WEB ha adoptado todas las medidas tecnol\u00f3gicas, &nbsp;necesarias en el sitio web, para evitar da\u00f1os y perjuicios de cualquier naturaleza &nbsp;que pudieran ocasionar, a t\u00edtulo enunciativo: errores u omisiones en los &nbsp;contenidos, falta de disponibilidad del sitio web o la transmisi\u00f3n de virus o &nbsp;programas maliciosos o lesivos en los contenidos o en los datos de los usuarios, &nbsp;y no se hace responsable si en alg\u00fan momento una de estas medidas falla como &nbsp;consecuencia de un uso indebido y\/o abusivo por parte de un tercero. &nbsp;<\/p>\n\n\n\n<p>El usuario deber\u00e1 en todo momento abstenerse de suprimir, alterar, eludir o &nbsp;manipular cualquier dispositivo de protecci\u00f3n o sistema de seguridad que &nbsp;estuviera instalado en el sitio web.&nbsp;<\/p>\n\n\n\n<p><strong>MODIFICACIONES<\/strong><strong>&nbsp;<\/strong><\/p>\n\n\n\n<p>EL GESTOR DEL SITIO WEB se reserva el derecho de efectuar, sin previo aviso, &nbsp;las modificaciones que considere oportunas en el sitio web, pudiendo cambiar, &nbsp;suprimir o a\u00f1adir tanto los contenidos y servicios que se presten a trav\u00e9s de la &nbsp;misma, como la forma en la que \u00e9stos aparezcan presentados o localizados, as\u00ed&nbsp;<\/p>\n\n\n\n<p>como el dise\u00f1o y estructura del mismo.&nbsp;<\/p>\n\n\n\n<p><strong>ENLACES<\/strong><strong>&nbsp;<\/strong><\/p>\n\n\n\n<p>EL GESTOR DEL SITIO WEB no tiene control alguno sobre los enlaces y\/o &nbsp;contenidos externos que puedan existir en el sitio web, por lo que no se hace &nbsp;responsable por los mismos, ni garantizar\u00e1 la disponibilidad t\u00e9cnica, calidad, &nbsp;fiabilidad, exactitud, amplitud, veracidad o validez de cualquier material o &nbsp;informaci\u00f3n all\u00ed contenida, y no ser\u00e1n entendidos estos enlaces externos como &nbsp;una posible asociaci\u00f3n, fusi\u00f3n, colaboraci\u00f3n o participaci\u00f3n con el titular y\/o &nbsp;responsable del dominio web al cual est\u00e9n asociados.&nbsp;<\/p>\n\n\n\n<p><strong>ENLACES DE AFILIADOS<\/strong><strong>&nbsp;<\/strong><\/p>\n\n\n\n<p>Este sitio web posee enlaces de afiliaci\u00f3n hacia Amazon. Al momento de hacer &nbsp;clic en ellos se dirigir\u00e1 a su plataforma y de realizar alguna compra, ser\u00e1 Amazon &nbsp;la encargada de procesar la compra, y EL GESTOR DEL SITIO WEB en su &nbsp;calidad de afiliado, obtendr\u00e1 ingresos por las compras que sean derivadas por el &nbsp;uso de los enlaces que cumplan con los requisitos aplicables.<\/p>\n\n\n\n<p><strong>DERECHO DE EXCLUSI\u00d3N<\/strong><strong>&nbsp;<\/strong><\/p>\n\n\n\n<p>EL GESTOR DEL SITIO WEB se reserva el derecho a denegar o retirar el acceso &nbsp;al sitio web y\/o los servicios ofrecidos sin necesidad de preaviso, a instancia &nbsp;propia o de un tercero, a aquellos usuarios que incumplan los presentes t\u00e9rminos &nbsp;y condiciones.&nbsp;<\/p>\n\n\n\n<p><strong>GARANTIA DE RESULTADOS&nbsp;<\/strong><\/p>\n\n\n\n<p>EL GESTOR DEL SITIO WEB no se har\u00e1 responsable por el \u00e9xito o fracaso de&nbsp; los usuarios en la aplicaci\u00f3n de la informaci\u00f3n que reciban del sitio web o de los&nbsp; servicios que ofrece EL GESTOR DEL SITIO WEB. El usuario ser\u00e1 el \u00fanico&nbsp; responsable por la aplicaci\u00f3n de lo aprendido con el material suministrado por&nbsp; EL GESTOR DEL SITIO WEB.&nbsp;<\/p>\n\n\n\n<p>Los contenidos que se suministran, se imparten de manera informativa, no&nbsp; queriendo en ning\u00fan momento EL GESTOR DEL SITIO WEB sustituir alguna&nbsp; asesor\u00eda profesional personalizada que el usuario, cliente o participante requiera&nbsp; en un tema determinado, y no se har\u00e1 responsable por los problemas que pueda&nbsp; tener \u00e9ste por un uso, correcto o no, de la informaci\u00f3n suministrada o por no&nbsp; tomar en cuenta problemas de salud, ideol\u00f3gicos, econ\u00f3micos o de cualquier&nbsp; otra \u00edndole que pudieran ser afectados por el contenido que se encuentre en de&nbsp; forma gratuita o no expuesto dentro del sitio web.&nbsp;<\/p>\n\n\n\n<p><strong>RESOLUCI\u00d3N DE LITIGIOS EN L\u00cdNEA<\/strong><strong>&nbsp;<\/strong><\/p>\n\n\n\n<p>El usuario o el cliente podr\u00e1 escribir a tu email para resolver cualquier problema &nbsp;que tenga con el sitio web o con el servicio prestado.&nbsp;<\/p>\n\n\n\n<p>Tambi\u00e9n podr\u00e1 utilizar la plataforma europea de Resoluci\u00f3n de Litigios en L\u00ednea &nbsp;aqu\u00ed (Incluir el enlace ec.europa.eu\/consumers\/odr.).&nbsp;<\/p>\n\n\n\n<p><strong>MODIFICACI\u00d3N DEL PRESENTE AVISO LEGAL Y DURACI\u00d3N<\/strong><strong>&nbsp;<\/strong><\/p>\n\n\n\n<p>EL GESTOR DEL SITIO WEB podr\u00e1 modificar, en cualquier momento, los &nbsp;t\u00e9rminos y condiciones aqu\u00ed expuestos, sin previo aviso y estar\u00e1n vigentes &nbsp;mientras se encuentren debidamente publicadas.&nbsp;<\/p>\n\n\n\n<p><strong>ACCIONES LEGALES&nbsp;<\/strong><\/p>\n\n\n\n<p>EL GESTOR DEL SITIO WEB puede, en cualquier momento, ejercer acciones&nbsp; legales de car\u00e1cter civil o penal, contra cualquier persona que realice un uso&nbsp; indebido del contenido expuesto en el sitio web, o por incumplir con estos&nbsp; t\u00e9rminos y condiciones. Se aplicar\u00e1 en todo momento la legislaci\u00f3n del territorio&nbsp;<\/p>\n\n\n\n<p>de INDICA TU PA\u00cdS y en caso de alg\u00fan conflicto, las partes se someter\u00e1n a la&nbsp; jurisdicci\u00f3n de tu ciudad, tu pa\u00eds, por ser el domicilio del titular del sitio web.<\/p>","protected":false},"excerpt":{"rendered":"<p>Legal Notice (EN) Mentions l\u00e9gales (FR) DATOS IDENTIFICATIVOS&nbsp; De acuerdo con la exigencia legal establecida, se cumple con la obligaci\u00f3n de\u00a0 informar a todos los usuarios e interesados que la responsabilidad y titularidad\u00a0 del dominio web tudominio.com, as\u00ed como las redes sociales y el sitio web\u00a0 asociadas, en lo adelante el \u201csitio web\u201d le pertenecen [&hellip;]<\/p>","protected":false},"author":1,"featured_media":0,"parent":0,"menu_order":0,"comment_status":"closed","ping_status":"open","template":"","meta":{"_uag_custom_page_level_css":"","site-sidebar-layout":"default","site-content-layout":"","ast-site-content-layout":"default","site-content-style":"default","site-sidebar-style":"default","ast-global-header-display":"","ast-banner-title-visibility":"","ast-main-header-display":"","ast-hfb-above-header-display":"","ast-hfb-below-header-display":"","ast-hfb-mobile-header-display":"","site-post-title":"","ast-breadcrumbs-content":"","ast-featured-img":"","footer-sml-layout":"","ast-disable-related-posts":"","theme-transparent-header-meta":"","adv-header-id-meta":"","stick-header-meta":"","header-above-stick-meta":"","header-main-stick-meta":"","header-below-stick-meta":"","astra-migrate-meta-layouts":"set","ast-page-background-enabled":"default","ast-page-background-meta":{"desktop":{"background-color":"","background-image":"","background-repeat":"repeat","background-position":"center center","background-size":"auto","background-attachment":"scroll","background-type":"","background-media":"","overlay-type":"","overlay-color":"","overlay-opacity":"","overlay-gradient":""},"tablet":{"background-color":"","background-image":"","background-repeat":"repeat","background-position":"center center","background-size":"auto","background-attachment":"scroll","background-type":"","background-media":"","overlay-type":"","overlay-color":"","overlay-opacity":"","overlay-gradient":""},"mobile":{"background-color":"","background-image":"","background-repeat":"repeat","background-position":"center center","background-size":"auto","background-attachment":"scroll","background-type":"","background-media":"","overlay-type":"","overlay-color":"","overlay-opacity":"","overlay-gradient":""}},"ast-content-background-meta":{"desktop":{"background-color":"var(--ast-global-color-5)","background-image":"","background-repeat":"repeat","background-position":"center center","background-size":"auto","background-attachment":"scroll","background-type":"","background-media":"","overlay-type":"","overlay-color":"","overlay-opacity":"","overlay-gradient":""},"tablet":{"background-color":"var(--ast-global-color-5)","background-image":"","background-repeat":"repeat","background-position":"center center","background-size":"auto","background-attachment":"scroll","background-type":"","background-media":"","overlay-type":"","overlay-color":"","overlay-opacity":"","overlay-gradient":""},"mobile":{"background-color":"var(--ast-global-color-5)","background-image":"","background-repeat":"repeat","background-position":"center center","background-size":"auto","background-attachment":"scroll","background-type":"","background-media":"","overlay-type":"","overlay-color":"","overlay-opacity":"","overlay-gradient":""}},"footnotes":""},"class_list":["post-1420","page","type-page","status-publish","hentry"],"uagb_featured_image_src":{"full":false,"thumbnail":false,"medium":false,"medium_large":false,"large":false,"1536x1536":false,"2048x2048":false,"trp-custom-language-flag":false},"uagb_author_info":{"display_name":"Byron Bar\u00f3n V.","author_link":"https:\/\/byronbaronv.com\/fr\/author\/admin\/"},"uagb_comment_info":0,"uagb_excerpt":"Legal Notice (EN) Mentions l\u00e9gales (FR) DATOS IDENTIFICATIVOS&nbsp; De acuerdo con la exigencia legal establecida, se cumple con la obligaci\u00f3n de\u00a0 informar a todos los usuarios e interesados que la responsabilidad y titularidad\u00a0 del dominio web tudominio.com, as\u00ed como las redes sociales y el sitio web\u00a0 asociadas, en lo adelante el \u201csitio web\u201d le pertenecen&hellip;","_links":{"self":[{"href":"https:\/\/byronbaronv.com\/fr\/wp-json\/wp\/v2\/pages\/1420","targetHints":{"allow":["GET"]}}],"collection":[{"href":"https:\/\/byronbaronv.com\/fr\/wp-json\/wp\/v2\/pages"}],"about":[{"href":"https:\/\/byronbaronv.com\/fr\/wp-json\/wp\/v2\/types\/page"}],"author":[{"embeddable":true,"href":"https:\/\/byronbaronv.com\/fr\/wp-json\/wp\/v2\/users\/1"}],"replies":[{"embeddable":true,"href":"https:\/\/byronbaronv.com\/fr\/wp-json\/wp\/v2\/comments?post=1420"}],"version-history":[{"count":5,"href":"https:\/\/byronbaronv.com\/fr\/wp-json\/wp\/v2\/pages\/1420\/revisions"}],"predecessor-version":[{"id":4971,"href":"https:\/\/byronbaronv.com\/fr\/wp-json\/wp\/v2\/pages\/1420\/revisions\/4971"}],"wp:attachment":[{"href":"https:\/\/byronbaronv.com\/fr\/wp-json\/wp\/v2\/media?parent=1420"}],"curies":[{"name":"wp","href":"https:\/\/api.w.org\/{rel}","templated":true}]}}